{"id":136,"date":"2025-01-28T19:57:49","date_gmt":"2025-01-28T19:57:49","guid":{"rendered":"https:\/\/rochapombo78.com.br\/?page_id=136"},"modified":"2025-06-26T17:15:40","modified_gmt":"2025-06-26T17:15:40","slug":"acoes-sociais","status":"publish","type":"page","link":"https:\/\/rochapombo78.com.br\/?page_id=136","title":{"rendered":"A\u00e7\u00f5es Sociais"},"content":{"rendered":"\t\t<div data-elementor-type=\"wp-page\" data-elementor-id=\"136\" class=\"elementor elementor-136\" data-elementor-post-type=\"page\">\n\t\t\t\t<div class=\"elementor-element elementor-element-248cae2 e-con-full e-flex e-con e-parent\" data-id=\"248cae2\" data-element_type=\"container\" data-e-type=\"container\">\n\t\t<div class=\"elementor-element elementor-element-e49642c e-con-full e-flex e-con e-child\" data-id=\"e49642c\" data-element_type=\"container\" data-e-type=\"container\">\n\t\t<div class=\"elementor-element elementor-element-e5a3303 e-con-full e-flex e-con e-child\" data-id=\"e5a3303\" data-element_type=\"container\" data-e-type=\"container\" data-settings=\"{&quot;background_background&quot;:&quot;classic&quot;}\">\n\t\t<div class=\"elementor-element elementor-element-a0f5834 e-flex e-con-boxed e-con e-child\" data-id=\"a0f5834\" data-element_type=\"container\" data-e-type=\"container\">\n\t\t\t\t\t<div class=\"e-con-inner\">\n\t\t\t\t<div class=\"elementor-element elementor-element-f2d50b6 elementor-widget elementor-widget-heading\" data-id=\"f2d50b6\" data-element_type=\"widget\" data-e-type=\"widget\" data-widget_type=\"heading.default\">\n\t\t\t\t<div class=\"elementor-widget-container\">\n\t\t\t\t\t<h2 class=\"elementor-heading-title elementor-size-default\">A\u00c7\u00d5ES SOCIAIS<\/h2>\t\t\t\t<\/div>\n\t\t\t\t<\/div>\n\t\t\t\t\t<\/div>\n\t\t\t\t<\/div>\n\t\t\t\t<\/div>\n\t\t\t\t<\/div>\n\t\t\t\t<\/div>\n\t\t\t\t<section class=\"elementor-section elementor-top-section elementor-element elementor-element-5651b81 elementor-section-boxed elementor-section-height-default elementor-section-height-default\" data-id=\"5651b81\" data-element_type=\"section\" data-e-type=\"section\" data-settings=\"{&quot;background_background&quot;:&quot;classic&quot;}\">\n\t\t\t\t\t\t\t<div class=\"elementor-background-overlay\"><\/div>\n\t\t\t\t\t\t\t<div class=\"elementor-container elementor-column-gap-default\">\n\t\t\t\t\t<div class=\"elementor-column elementor-col-100 elementor-top-column elementor-element elementor-element-f3842fb\" data-id=\"f3842fb\" data-element_type=\"column\" data-e-type=\"column\">\n\t\t\t<div class=\"elementor-widget-wrap elementor-element-populated\">\n\t\t\t\t<div class=\"elementor-element elementor-element-a6afea0 e-grid e-con-boxed e-con e-parent\" data-id=\"a6afea0\" data-element_type=\"container\" data-e-type=\"container\">\n\t\t\t\t\t<div class=\"e-con-inner\">\n\t\t\t\t<div class=\"elementor-element elementor-element-88a385b elementor-widget-tablet__width-inherit elementor-widget elementor-widget-text-editor\" data-id=\"88a385b\" data-element_type=\"widget\" data-e-type=\"widget\" data-widget_type=\"text-editor.default\">\n\t\t\t\t<div class=\"elementor-widget-container\">\n\t\t\t\t\t\t\t\t\t<h3><strong>Trabalhos Sociais<\/strong><\/h3><p data-sourcepos=\"5:1-5:432\">A Loja Ma\u00e7\u00f4nica Rocha Pombo N\u00ba78, seguindo diretrizes s\u00f3lidas, promove a a\u00e7\u00e3o social ma\u00e7\u00f4nica, orientando e contribuindo continuamente com suas Lojas e membros, atrav\u00e9s da Grande Secretaria de A\u00e7\u00e3o Social e Regionais. Sua Constitui\u00e7\u00e3o permite manter, proteger e criar escolas, institui\u00e7\u00f5es culturais, hospitais, ambulat\u00f3rios, creches, lares, abrigos, col\u00f4nias de f\u00e9rias, al\u00e9m de colaborar com entidades ma\u00e7\u00f4nicas e organismos afins.<\/p><p data-sourcepos=\"7:1-7:613\">Desenvolvendo a A\u00e7\u00e3o Social Ma\u00e7\u00f4nica em todo o Estado, a Loja Rocha Pombo N\u00ba78 utiliza a POL\u00cdTICA FILANTR\u00d3PICA MA\u00c7\u00d4NICA, voltada a atividades sociais fraternas, como express\u00e3o de amor ao pr\u00f3ximo e solidariedade humana. Busca fazer a diferen\u00e7a em cada a\u00e7\u00e3o social, com planejamento, consist\u00eancia e parceria com as Lojas jurisdicionadas. Almejamos avan\u00e7ar da caridade assistencial para a filantropia estrat\u00e9gica, incentivando o desenvolvimento ao inv\u00e9s da depend\u00eancia. A filantropia exige esfor\u00e7os para fortalecer a sociedade, com atua\u00e7\u00e3o planejada, organizada e eficiente, gerando mudan\u00e7a efetiva e impacto social.<\/p><p data-sourcepos=\"9:1-9:329\">Com o modelo de filantropia implementado, a Grande Loja do Paran\u00e1 aplica sua filosofia ao campo social, e por meio de seus membros, preparados para a cidadania, atenta \u00e0s demandas regionais e utilizando ferramentas de gest\u00e3o e planejamento, contribui para solu\u00e7\u00f5es que efetivem o direito a uma sociedade livre, justa e solid\u00e1ria.<\/p>\t\t\t\t\t\t\t\t<\/div>\n\t\t\t\t<\/div>\n\t\t\t\t<div class=\"elementor-element elementor-element-e43e6b9 elementor-widget elementor-widget-image\" data-id=\"e43e6b9\" data-element_type=\"widget\" data-e-type=\"widget\" data-widget_type=\"image.default\">\n\t\t\t\t<div class=\"elementor-widget-container\">\n\t\t\t\t\t\t\t\t\t\t\t\t\t\t\t<img fetchpriority=\"high\" decoding=\"async\" width=\"800\" height=\"800\" src=\"https:\/\/rochapombo78.com.br\/wp-content\/uploads\/2025\/02\/Gemini_Generated_Image_y4dxb0y4dxb0y4dx-1024x1024.jpg\" class=\"attachment-large size-large wp-image-237\" alt=\"\" srcset=\"https:\/\/rochapombo78.com.br\/wp-content\/uploads\/2025\/02\/Gemini_Generated_Image_y4dxb0y4dxb0y4dx-1024x1024.jpg 1024w, https:\/\/rochapombo78.com.br\/wp-content\/uploads\/2025\/02\/Gemini_Generated_Image_y4dxb0y4dxb0y4dx-300x300.jpg 300w, https:\/\/rochapombo78.com.br\/wp-content\/uploads\/2025\/02\/Gemini_Generated_Image_y4dxb0y4dxb0y4dx-100x100.jpg 100w, https:\/\/rochapombo78.com.br\/wp-content\/uploads\/2025\/02\/Gemini_Generated_Image_y4dxb0y4dxb0y4dx-600x600.jpg 600w, https:\/\/rochapombo78.com.br\/wp-content\/uploads\/2025\/02\/Gemini_Generated_Image_y4dxb0y4dxb0y4dx-150x150.jpg 150w, https:\/\/rochapombo78.com.br\/wp-content\/uploads\/2025\/02\/Gemini_Generated_Image_y4dxb0y4dxb0y4dx-768x768.jpg 768w, https:\/\/rochapombo78.com.br\/wp-content\/uploads\/2025\/02\/Gemini_Generated_Image_y4dxb0y4dxb0y4dx-1536x1536.jpg 1536w, https:\/\/rochapombo78.com.br\/wp-content\/uploads\/2025\/02\/Gemini_Generated_Image_y4dxb0y4dxb0y4dx.jpg 2048w\" sizes=\"(max-width: 800px) 100vw, 800px\" \/>\t\t\t\t\t\t\t\t\t\t\t\t\t\t\t<\/div>\n\t\t\t\t<\/div>\n\t\t\t\t\t<\/div>\n\t\t\t\t<\/div>\n\t\t\t\t\t<\/div>\n\t\t<\/div>\n\t\t\t\t\t<\/div>\n\t\t<\/section>\n\t\t<div class=\"elementor-element elementor-element-a750b3a e-flex e-con-boxed e-con e-parent\" data-id=\"a750b3a\" data-element_type=\"container\" data-e-type=\"container\" data-settings=\"{&quot;background_background&quot;:&quot;classic&quot;}\">\n\t\t\t\t\t<div class=\"e-con-inner\">\n\t\t<div class=\"elementor-element elementor-element-f8fb388 e-con-full e-flex e-con e-child\" data-id=\"f8fb388\" data-element_type=\"container\" data-e-type=\"container\">\n\t\t\t\t<div class=\"elementor-element elementor-element-4f119e2 elementor-widget elementor-widget-heading\" data-id=\"4f119e2\" data-element_type=\"widget\" data-e-type=\"widget\" data-widget_type=\"heading.default\">\n\t\t\t\t<div class=\"elementor-widget-container\">\n\t\t\t\t\t<h2 class=\"elementor-heading-title elementor-size-default\">Ficou com alguma d\u00favida?<\/h2>\t\t\t\t<\/div>\n\t\t\t\t<\/div>\n\t\t\t\t<div class=\"elementor-element elementor-element-33d33d0 elementor-align-center elementor-widget elementor-widget-button\" data-id=\"33d33d0\" data-element_type=\"widget\" data-e-type=\"widget\" data-widget_type=\"button.default\">\n\t\t\t\t<div class=\"elementor-widget-container\">\n\t\t\t\t\t\t\t\t\t<div class=\"elementor-button-wrapper\">\n\t\t\t\t\t<a class=\"elementor-button elementor-button-link elementor-size-sm\" href=\"#\">\n\t\t\t\t\t\t<span class=\"elementor-button-content-wrapper\">\n\t\t\t\t\t\t\t\t\t<span class=\"elementor-button-text\">Fale Conosco<\/span>\n\t\t\t\t\t<\/span>\n\t\t\t\t\t<\/a>\n\t\t\t\t<\/div>\n\t\t\t\t\t\t\t\t<\/div>\n\t\t\t\t<\/div>\n\t\t\t\t<\/div>\n\t\t\t\t\t<\/div>\n\t\t\t\t<\/div>\n\t\t\t\t<section class=\"elementor-section elementor-top-section elementor-element elementor-element-5116575 elementor-section-boxed elementor-section-height-default elementor-section-height-default\" data-id=\"5116575\" data-element_type=\"section\" data-e-type=\"section\" data-settings=\"{&quot;background_background&quot;:&quot;classic&quot;}\">\n\t\t\t\t\t\t\t<div class=\"elementor-background-overlay\"><\/div>\n\t\t\t\t\t\t\t<div class=\"elementor-container elementor-column-gap-default\">\n\t\t\t\t\t<div class=\"elementor-column elementor-col-50 elementor-top-column elementor-element elementor-element-915e4c1\" data-id=\"915e4c1\" data-element_type=\"column\" data-e-type=\"column\">\n\t\t\t<div class=\"elementor-widget-wrap elementor-element-populated\">\n\t\t\t\t<div class=\"elementor-element elementor-element-2498e3c e-flex e-con-boxed e-con e-parent\" data-id=\"2498e3c\" data-element_type=\"container\" data-e-type=\"container\">\n\t\t\t\t\t<div class=\"e-con-inner\">\n\t\t\t\t<div class=\"elementor-element elementor-element-62ce7ba elementor-widget elementor-widget-google_maps\" data-id=\"62ce7ba\" data-element_type=\"widget\" data-e-type=\"widget\" data-widget_type=\"google_maps.default\">\n\t\t\t\t<div class=\"elementor-widget-container\">\n\t\t\t\t\t\t\t<div class=\"elementor-custom-embed\">\n\t\t\t<iframe loading=\"lazy\"\n\t\t\t\t\tsrc=\"https:\/\/maps.google.com\/maps?q=Travessa%20Livorno%2C%20129%20%E2%80%93%20Parolin%2C%20Curitiba%20%E2%80%93%20PR%2C%2080220-110&#038;t=m&#038;z=14&#038;output=embed&#038;iwloc=near\"\n\t\t\t\t\ttitle=\"Travessa Livorno, 129 \u2013 Parolin, Curitiba \u2013 PR, 80220-110\"\n\t\t\t\t\taria-label=\"Travessa Livorno, 129 \u2013 Parolin, Curitiba \u2013 PR, 80220-110\"\n\t\t\t><\/iframe>\n\t\t<\/div>\n\t\t\t\t\t\t<\/div>\n\t\t\t\t<\/div>\n\t\t\t\t\t<\/div>\n\t\t\t\t<\/div>\n\t\t\t\t\t<\/div>\n\t\t<\/div>\n\t\t\t\t<div class=\"elementor-column elementor-col-50 elementor-top-column elementor-element elementor-element-d2ff372\" data-id=\"d2ff372\" data-element_type=\"column\" data-e-type=\"column\">\n\t\t\t<div class=\"elementor-widget-wrap elementor-element-populated\">\n\t\t\t\t\t\t<div class=\"elementor-element elementor-element-8ea69a7 elementor-widget__width-initial elementor-widget-tablet__width-inherit elementor-widget elementor-widget-heading\" data-id=\"8ea69a7\" data-element_type=\"widget\" data-e-type=\"widget\" data-widget_type=\"heading.default\">\n\t\t\t\t<div class=\"elementor-widget-container\">\n\t\t\t\t\t<h2 class=\"elementor-heading-title elementor-size-default\">Onde estamos<\/h2>\t\t\t\t<\/div>\n\t\t\t\t<\/div>\n\t\t\t\t<div class=\"elementor-element elementor-element-612a447 elementor-widget__width-initial elementor-widget elementor-widget-text-editor\" data-id=\"612a447\" data-element_type=\"widget\" data-e-type=\"widget\" data-widget_type=\"text-editor.default\">\n\t\t\t\t<div class=\"elementor-widget-container\">\n\t\t\t\t\t\t\t\t\t<p>R. Jo\u00e3o Zaniolo, 94 &#8211; Rebou\u00e7as<\/p>\t\t\t\t\t\t\t\t<\/div>\n\t\t\t\t<\/div>\n\t\t\t\t<div class=\"elementor-element elementor-element-85c1ded elementor-widget__width-initial elementor-widget elementor-widget-heading\" data-id=\"85c1ded\" data-element_type=\"widget\" data-e-type=\"widget\" data-widget_type=\"heading.default\">\n\t\t\t\t<div class=\"elementor-widget-container\">\n\t\t\t\t\t<h2 class=\"elementor-heading-title elementor-size-default\">Telefones<\/h2>\t\t\t\t<\/div>\n\t\t\t\t<\/div>\n\t\t\t\t<div class=\"elementor-element elementor-element-3dac5db elementor-widget__width-initial elementor-tablet-align-center elementor-widget-tablet__width-inherit elementor-icon-list--layout-traditional elementor-list-item-link-full_width elementor-widget elementor-widget-icon-list\" data-id=\"3dac5db\" data-element_type=\"widget\" data-e-type=\"widget\" data-widget_type=\"icon-list.default\">\n\t\t\t\t<div class=\"elementor-widget-container\">\n\t\t\t\t\t\t\t<ul class=\"elementor-icon-list-items\">\n\t\t\t\t\t\t\t<li class=\"elementor-icon-list-item\">\n\t\t\t\t\t\t\t\t\t\t<span class=\"elementor-icon-list-text\">41) 9 8880 \u2013 7484<\/span>\n\t\t\t\t\t\t\t\t\t<\/li>\n\t\t\t\t\t\t\t\t<li class=\"elementor-icon-list-item\">\n\t\t\t\t\t\t\t\t\t\t<span class=\"elementor-icon-list-text\">(41) 3332 \u2013 1909<\/span>\n\t\t\t\t\t\t\t\t\t<\/li>\n\t\t\t\t\t\t<\/ul>\n\t\t\t\t\t\t<\/div>\n\t\t\t\t<\/div>\n\t\t\t\t<div class=\"elementor-element elementor-element-1c37014 elementor-widget__width-initial elementor-widget elementor-widget-heading\" data-id=\"1c37014\" data-element_type=\"widget\" data-e-type=\"widget\" data-widget_type=\"heading.default\">\n\t\t\t\t<div class=\"elementor-widget-container\">\n\t\t\t\t\t<h2 class=\"elementor-heading-title elementor-size-default\">E-mail<\/h2>\t\t\t\t<\/div>\n\t\t\t\t<\/div>\n\t\t\t\t<div class=\"elementor-element elementor-element-90d00b6 elementor-widget__width-initial elementor-tablet-align-center elementor-widget-tablet__width-inherit elementor-icon-list--layout-traditional elementor-list-item-link-full_width elementor-widget elementor-widget-icon-list\" data-id=\"90d00b6\" data-element_type=\"widget\" data-e-type=\"widget\" data-widget_type=\"icon-list.default\">\n\t\t\t\t<div class=\"elementor-widget-container\">\n\t\t\t\t\t\t\t<ul class=\"elementor-icon-list-items\">\n\t\t\t\t\t\t\t<li class=\"elementor-icon-list-item\">\n\t\t\t\t\t\t\t\t\t\t<span class=\"elementor-icon-list-text\">contato@rochapombo78.com.br<\/span>\n\t\t\t\t\t\t\t\t\t<\/li>\n\t\t\t\t\t\t<\/ul>\n\t\t\t\t\t\t<\/div>\n\t\t\t\t<\/div>\n\t\t\t\t\t<\/div>\n\t\t<\/div>\n\t\t\t\t\t<\/div>\n\t\t<\/section>\n\t\t\t\t<\/div>\n\t\t","protected":false},"excerpt":{"rendered":"<p>A\u00c7\u00d5ES SOCIAIS Trabalhos Sociais A Loja Ma\u00e7\u00f4nica Rocha Pombo N\u00ba78, seguindo diretrizes s\u00f3lidas, promove a a\u00e7\u00e3o social ma\u00e7\u00f4nica, orientando e contribuindo continuamente com suas Lojas e membros, atrav\u00e9s da Grande Secretaria de A\u00e7\u00e3o Social e Regionais. Sua Constitui\u00e7\u00e3o permite manter, proteger e criar escolas, institui\u00e7\u00f5es culturais, hospitais, ambulat\u00f3rios, creches, lares, abrigos, col\u00f4nias de f\u00e9rias, al\u00e9m [&hellip;]<\/p>\n","protected":false},"author":1,"featured_media":0,"parent":0,"menu_order":0,"comment_status":"closed","ping_status":"closed","template":"","meta":{"_joinchat":[],"footnotes":""},"class_list":["post-136","page","type-page","status-publish","hentry"],"yoast_head":"<!-- This site is optimized with the Yoast SEO plugin v27.5 - https:\/\/yoast.com\/product\/yoast-seo-wordpress\/ -->\n<title>A\u00e7\u00f5es Sociais -<\/title>\n<meta name=\"robots\" content=\"index, follow, max-snippet:-1, max-image-preview:large, max-video-preview:-1\" \/>\n<link rel=\"canonical\" href=\"https:\/\/rochapombo78.com.br\/?page_id=136\" \/>\n<meta property=\"og:locale\" content=\"pt_BR\" \/>\n<meta property=\"og:type\" content=\"article\" \/>\n<meta property=\"og:title\" content=\"A\u00e7\u00f5es Sociais -\" \/>\n<meta property=\"og:description\" content=\"A\u00c7\u00d5ES SOCIAIS Trabalhos Sociais A Loja Ma\u00e7\u00f4nica Rocha Pombo N\u00ba78, seguindo diretrizes s\u00f3lidas, promove a a\u00e7\u00e3o social ma\u00e7\u00f4nica, orientando e contribuindo continuamente com suas Lojas e membros, atrav\u00e9s da Grande Secretaria de A\u00e7\u00e3o Social e Regionais. Sua Constitui\u00e7\u00e3o permite manter, proteger e criar escolas, institui\u00e7\u00f5es culturais, hospitais, ambulat\u00f3rios, creches, lares, abrigos, col\u00f4nias de f\u00e9rias, al\u00e9m [&hellip;]\" \/>\n<meta property=\"og:url\" content=\"https:\/\/rochapombo78.com.br\/?page_id=136\" \/>\n<meta property=\"article:modified_time\" content=\"2025-06-26T17:15:40+00:00\" \/>\n<meta property=\"og:image\" content=\"https:\/\/rochapombo78.com.br\/wp-content\/uploads\/2025\/02\/Gemini_Generated_Image_y4dxb0y4dxb0y4dx.jpg\" \/>\n\t<meta property=\"og:image:width\" content=\"2048\" \/>\n\t<meta property=\"og:image:height\" content=\"2048\" \/>\n\t<meta property=\"og:image:type\" content=\"image\/jpeg\" \/>\n<meta name=\"twitter:card\" content=\"summary_large_image\" \/>\n<meta name=\"twitter:label1\" content=\"Est. tempo de leitura\" \/>\n\t<meta name=\"twitter:data1\" content=\"2 minutos\" \/>\n<script type=\"application\/ld+json\" class=\"yoast-schema-graph\">{\"@context\":\"https:\\\/\\\/schema.org\",\"@graph\":[{\"@type\":\"WebPage\",\"@id\":\"https:\\\/\\\/rochapombo78.com.br\\\/?page_id=136\",\"url\":\"https:\\\/\\\/rochapombo78.com.br\\\/?page_id=136\",\"name\":\"A\u00e7\u00f5es Sociais -\",\"isPartOf\":{\"@id\":\"https:\\\/\\\/rochapombo78.com.br\\\/#website\"},\"primaryImageOfPage\":{\"@id\":\"https:\\\/\\\/rochapombo78.com.br\\\/?page_id=136#primaryimage\"},\"image\":{\"@id\":\"https:\\\/\\\/rochapombo78.com.br\\\/?page_id=136#primaryimage\"},\"thumbnailUrl\":\"https:\\\/\\\/rochapombo78.com.br\\\/wp-content\\\/uploads\\\/2025\\\/02\\\/Gemini_Generated_Image_y4dxb0y4dxb0y4dx-1024x1024.jpg\",\"datePublished\":\"2025-01-28T19:57:49+00:00\",\"dateModified\":\"2025-06-26T17:15:40+00:00\",\"breadcrumb\":{\"@id\":\"https:\\\/\\\/rochapombo78.com.br\\\/?page_id=136#breadcrumb\"},\"inLanguage\":\"pt-BR\",\"potentialAction\":[{\"@type\":\"ReadAction\",\"target\":[\"https:\\\/\\\/rochapombo78.com.br\\\/?page_id=136\"]}]},{\"@type\":\"ImageObject\",\"inLanguage\":\"pt-BR\",\"@id\":\"https:\\\/\\\/rochapombo78.com.br\\\/?page_id=136#primaryimage\",\"url\":\"https:\\\/\\\/rochapombo78.com.br\\\/wp-content\\\/uploads\\\/2025\\\/02\\\/Gemini_Generated_Image_y4dxb0y4dxb0y4dx.jpg\",\"contentUrl\":\"https:\\\/\\\/rochapombo78.com.br\\\/wp-content\\\/uploads\\\/2025\\\/02\\\/Gemini_Generated_Image_y4dxb0y4dxb0y4dx.jpg\",\"width\":2048,\"height\":2048},{\"@type\":\"BreadcrumbList\",\"@id\":\"https:\\\/\\\/rochapombo78.com.br\\\/?page_id=136#breadcrumb\",\"itemListElement\":[{\"@type\":\"ListItem\",\"position\":1,\"name\":\"In\u00edcio\",\"item\":\"https:\\\/\\\/rochapombo78.com.br\\\/\"},{\"@type\":\"ListItem\",\"position\":2,\"name\":\"A\u00e7\u00f5es Sociais\"}]},{\"@type\":\"WebSite\",\"@id\":\"https:\\\/\\\/rochapombo78.com.br\\\/#website\",\"url\":\"https:\\\/\\\/rochapombo78.com.br\\\/\",\"name\":\"\",\"description\":\"\",\"potentialAction\":[{\"@type\":\"SearchAction\",\"target\":{\"@type\":\"EntryPoint\",\"urlTemplate\":\"https:\\\/\\\/rochapombo78.com.br\\\/?s={search_term_string}\"},\"query-input\":{\"@type\":\"PropertyValueSpecification\",\"valueRequired\":true,\"valueName\":\"search_term_string\"}}],\"inLanguage\":\"pt-BR\"}]}<\/script>\n<!-- \/ Yoast SEO plugin. -->","yoast_head_json":{"title":"A\u00e7\u00f5es Sociais -","robots":{"index":"index","follow":"follow","max-snippet":"max-snippet:-1","max-image-preview":"max-image-preview:large","max-video-preview":"max-video-preview:-1"},"canonical":"https:\/\/rochapombo78.com.br\/?page_id=136","og_locale":"pt_BR","og_type":"article","og_title":"A\u00e7\u00f5es Sociais -","og_description":"A\u00c7\u00d5ES SOCIAIS Trabalhos Sociais A Loja Ma\u00e7\u00f4nica Rocha Pombo N\u00ba78, seguindo diretrizes s\u00f3lidas, promove a a\u00e7\u00e3o social ma\u00e7\u00f4nica, orientando e contribuindo continuamente com suas Lojas e membros, atrav\u00e9s da Grande Secretaria de A\u00e7\u00e3o Social e Regionais. Sua Constitui\u00e7\u00e3o permite manter, proteger e criar escolas, institui\u00e7\u00f5es culturais, hospitais, ambulat\u00f3rios, creches, lares, abrigos, col\u00f4nias de f\u00e9rias, al\u00e9m [&hellip;]","og_url":"https:\/\/rochapombo78.com.br\/?page_id=136","article_modified_time":"2025-06-26T17:15:40+00:00","og_image":[{"width":2048,"height":2048,"url":"https:\/\/rochapombo78.com.br\/wp-content\/uploads\/2025\/02\/Gemini_Generated_Image_y4dxb0y4dxb0y4dx.jpg","type":"image\/jpeg"}],"twitter_card":"summary_large_image","twitter_misc":{"Est. tempo de leitura":"2 minutos"},"schema":{"@context":"https:\/\/schema.org","@graph":[{"@type":"WebPage","@id":"https:\/\/rochapombo78.com.br\/?page_id=136","url":"https:\/\/rochapombo78.com.br\/?page_id=136","name":"A\u00e7\u00f5es Sociais -","isPartOf":{"@id":"https:\/\/rochapombo78.com.br\/#website"},"primaryImageOfPage":{"@id":"https:\/\/rochapombo78.com.br\/?page_id=136#primaryimage"},"image":{"@id":"https:\/\/rochapombo78.com.br\/?page_id=136#primaryimage"},"thumbnailUrl":"https:\/\/rochapombo78.com.br\/wp-content\/uploads\/2025\/02\/Gemini_Generated_Image_y4dxb0y4dxb0y4dx-1024x1024.jpg","datePublished":"2025-01-28T19:57:49+00:00","dateModified":"2025-06-26T17:15:40+00:00","breadcrumb":{"@id":"https:\/\/rochapombo78.com.br\/?page_id=136#breadcrumb"},"inLanguage":"pt-BR","potentialAction":[{"@type":"ReadAction","target":["https:\/\/rochapombo78.com.br\/?page_id=136"]}]},{"@type":"ImageObject","inLanguage":"pt-BR","@id":"https:\/\/rochapombo78.com.br\/?page_id=136#primaryimage","url":"https:\/\/rochapombo78.com.br\/wp-content\/uploads\/2025\/02\/Gemini_Generated_Image_y4dxb0y4dxb0y4dx.jpg","contentUrl":"https:\/\/rochapombo78.com.br\/wp-content\/uploads\/2025\/02\/Gemini_Generated_Image_y4dxb0y4dxb0y4dx.jpg","width":2048,"height":2048},{"@type":"BreadcrumbList","@id":"https:\/\/rochapombo78.com.br\/?page_id=136#breadcrumb","itemListElement":[{"@type":"ListItem","position":1,"name":"In\u00edcio","item":"https:\/\/rochapombo78.com.br\/"},{"@type":"ListItem","position":2,"name":"A\u00e7\u00f5es Sociais"}]},{"@type":"WebSite","@id":"https:\/\/rochapombo78.com.br\/#website","url":"https:\/\/rochapombo78.com.br\/","name":"","description":"","potentialAction":[{"@type":"SearchAction","target":{"@type":"EntryPoint","urlTemplate":"https:\/\/rochapombo78.com.br\/?s={search_term_string}"},"query-input":{"@type":"PropertyValueSpecification","valueRequired":true,"valueName":"search_term_string"}}],"inLanguage":"pt-BR"}]}},"_links":{"self":[{"href":"https:\/\/rochapombo78.com.br\/index.php?rest_route=\/wp\/v2\/pages\/136","targetHints":{"allow":["GET"]}}],"collection":[{"href":"https:\/\/rochapombo78.com.br\/index.php?rest_route=\/wp\/v2\/pages"}],"about":[{"href":"https:\/\/rochapombo78.com.br\/index.php?rest_route=\/wp\/v2\/types\/page"}],"author":[{"embeddable":true,"href":"https:\/\/rochapombo78.com.br\/index.php?rest_route=\/wp\/v2\/users\/1"}],"replies":[{"embeddable":true,"href":"https:\/\/rochapombo78.com.br\/index.php?rest_route=%2Fwp%2Fv2%2Fcomments&post=136"}],"version-history":[{"count":7,"href":"https:\/\/rochapombo78.com.br\/index.php?rest_route=\/wp\/v2\/pages\/136\/revisions"}],"predecessor-version":[{"id":511,"href":"https:\/\/rochapombo78.com.br\/index.php?rest_route=\/wp\/v2\/pages\/136\/revisions\/511"}],"wp:attachment":[{"href":"https:\/\/rochapombo78.com.br\/index.php?rest_route=%2Fwp%2Fv2%2Fmedia&parent=136"}],"curies":[{"name":"wp","href":"https:\/\/api.w.org\/{rel}","templated":true}]}}